{"id":9,"date":"2021-02-25T14:13:01","date_gmt":"2021-02-25T14:13:01","guid":{"rendered":"https:\/\/bkrd.kifst.hr\/?page_id=9"},"modified":"2026-01-11T20:19:46","modified_gmt":"2026-01-11T20:19:46","slug":"about","status":"publish","type":"page","link":"https:\/\/bkrd.kifst.hr\/?page_id=9","title":{"rendered":"Istra\u017eiva\u010di"},"content":{"rendered":"\n<p>Voditelj i glavni istra\u017eiva\u010d na Projektu je<strong><em> prof. dr. sc. D. \u010cula<\/em><\/strong>r<\/p>\n\n\n\n<p>U skladu s interdisciplinarnim karakterom <em>(kineziologija<sup>1<\/sup>\/ biomedicina<sup>2<\/sup>\/ biotehnologija<sup>3<\/sup>)<\/em> Projekta istra\u017eiva\u010di\/suradnici su:<\/p>\n\n\n\n<p><\/p>\n\n\n\n<ul class=\"wp-block-list\">\n<li>izv. prof. dr. sc.  A. Paravi\u0107 (SLO) Fakulets za \u0160port Ljubljana- Voditelj slovenskog istra\u017eiva\u010dkog tima<\/li>\n\n\n\n<li>prof. dr. sc. Joseph Baker (CAN)<\/li>\n\n\n\n<li>izv. prof. dr. sc.  Johnny Padulo (ITA)<\/li>\n\n\n\n<li>izv. prof. dr. sc. Damir Zubac (GER)<\/li>\n\n\n\n<li><em>prof. dr. sc. A. Kezi\u0107, (<em>KIFST),<\/em> <\/em><\/li>\n<\/ul>\n\n\n\n<ul class=\"wp-block-list\">\n<li><em>izv. prof. dr. sc. M. \u010cavala, <\/em>(<em>KIFST),<\/em><\/li>\n\n\n\n<li><em>izv. prof. dr. sc. V. Ivan\u010dev, (KIFST) <\/em><\/li>\n\n\n\n<li>doc. dr.sc Darko Katovi\u0107 (KIFZG)<\/li>\n\n\n\n<li>doc. dr.sc. Tea Gutovi\u0107 (FFST)<\/li>\n\n\n\n<li>dr. sc. Tea Be\u0161lija (Teambiomennic j.d.o.o.)<\/li>\n\n\n\n<li>dr. sc. D. Belo\u0161evi\u0107 &#8211; vi\u0161i asistent (KIFST)<\/li>\n\n\n\n<li>dr. sc. <em>N. Bri\u0161ki (GENOS) <\/em><\/li>\n<\/ul>\n\n\n\n<p><\/p>\n","protected":false},"excerpt":{"rendered":"<p>Voditelj i glavni istra\u017eiva\u010d na Projektu je prof. dr. sc. D. \u010cular U skladu s interdisciplinarnim karakterom (kineziologija1\/ biomedicina2\/ biotehnologija3) Projekta istra\u017eiva\u010di\/suradnici su:<\/p>\n","protected":false},"author":1,"featured_media":0,"parent":0,"menu_order":0,"comment_status":"closed","ping_status":"closed","template":"","meta":{"footnotes":""},"class_list":["post-9","page","type-page","status-publish","hentry"],"_links":{"self":[{"href":"https:\/\/bkrd.kifst.hr\/index.php?rest_route=\/wp\/v2\/pages\/9","targetHints":{"allow":["GET"]}}],"collection":[{"href":"https:\/\/bkrd.kifst.hr\/index.php?rest_route=\/wp\/v2\/pages"}],"about":[{"href":"https:\/\/bkrd.kifst.hr\/index.php?rest_route=\/wp\/v2\/types\/page"}],"author":[{"embeddable":true,"href":"https:\/\/bkrd.kifst.hr\/index.php?rest_route=\/wp\/v2\/users\/1"}],"replies":[{"embeddable":true,"href":"https:\/\/bkrd.kifst.hr\/index.php?rest_route=%2Fwp%2Fv2%2Fcomments&post=9"}],"version-history":[{"count":12,"href":"https:\/\/bkrd.kifst.hr\/index.php?rest_route=\/wp\/v2\/pages\/9\/revisions"}],"predecessor-version":[{"id":799,"href":"https:\/\/bkrd.kifst.hr\/index.php?rest_route=\/wp\/v2\/pages\/9\/revisions\/799"}],"wp:attachment":[{"href":"https:\/\/bkrd.kifst.hr\/index.php?rest_route=%2Fwp%2Fv2%2Fmedia&parent=9"}],"curies":[{"name":"wp","href":"https:\/\/api.w.org\/{rel}","templated":true}]}}