{"id":78,"date":"2021-03-11T05:33:55","date_gmt":"2021-03-11T05:33:55","guid":{"rendered":"https:\/\/bkrd.kifst.hr\/?page_id=78"},"modified":"2026-01-11T20:57:27","modified_gmt":"2026-01-11T20:57:27","slug":"problem","status":"publish","type":"page","link":"https:\/\/bkrd.kifst.hr\/?page_id=78","title":{"rendered":"Teme"},"content":{"rendered":"\n<p>I<strong><em>Istra\u017eiva\u010dki Problem<\/em><\/strong><\/p>\n\n\n\n<p><em>\u010cinjenica da dijagnosti\u010dki alati, genetske predispozicije, biolo\u0161ka i relativna dob te kontraktilne karakteristike skeletnih mi\u0161i\u0107a predstavljaju kompleksan problem u prostoru razvoja sportskih talenata dovodi nas do istra\u017eiva\u010dkih pitanja projekta koje smo grupirali u <\/em><strong><em>3 znanstvena tematska podru\u010dja:<\/em><\/strong><em> <\/em><strong><em><\/em><\/strong><\/p>\n\n\n\n<p><strong><em>ZI Tema 1: (RAE&amp;KD) &#8211; Alati za relativnu i ko\u0161tanu dob u razvoju sportskih talenata<\/em><\/strong><\/p>\n\n\n\n<ul class=\"wp-block-list\">\n<li><em>Upotrebna vrijednost novokonstruiranog metodolo\u0161kog pristupa usporedbe Efekta relativne dobi izme\u0111u sportova koji imaju razli\u010dite dobne raspone mla\u0111ih kategorija.(\u201eRelative age effect overall scale\u201c &#8211; <\/em><a href=\"https:\/\/www.dropbox.com\/scl\/fi\/gfr1b6mjj2dinf3zu0thi\/Rad-ejihpe-3010849.pdf?rlkey=vasure519638mebblmxib8g6m&amp;dl=0\"><em>RAEOS<\/em><\/a><em>) ?<\/em><\/li>\n\n\n\n<li><em>Procjena \u201estvarne\/ko\u0161tane\u201c dobi primjenom neinvazivnog ultrazvu\u010dnog ure\u0111aja. (BauSport SonicBone [69] na uzorku mladih sporta\u0161a uklju\u010duju\u0107i i uzoak jednojaj\u010danih i dvojaj\u010danih blizanaca.<\/em><\/li>\n<\/ul>\n\n\n\n<p><strong><em>ZI Tema 2: (TMG) &#8211; Neuromi\u0161i\u0107ni profil u razvoju sportskih talenata<\/em><\/strong><\/p>\n\n\n\n<ul class=\"wp-block-list\">\n<li><em>Prognosti\u010dka vrijednost Tenziomiografske (TMG) metode[75] u procjeni postotka brzih\/sportih mi\u0161i\u0107nih vlakana u usporedbi s Muscle Talent Scan tehnologijom magnetske rezonancije [8<ins>4<\/ins>].<\/em><\/li>\n\n\n\n<li><em>Analiza neuromi\u0161i\u0107nog profila mladih sporta\u0161a (\u010dlanova nacionalnih selekcija)<\/em><\/li>\n<\/ul>\n\n\n\n<p><strong><em>ZI Tema 3:(GAP) &#8211; Genetika, dob i izvedba u razvoju sportskih talenata<\/em><\/strong><\/p>\n\n\n\n<p><em>Prognosti\u010dka vrijednost genetskih informacija, TMG parametara, skeletne dobi i izvedbe u procesu razvoja sportskih talenta<\/em><\/p>\n\n\n\n<p><\/p>\n\n\n\n<p><\/p>\n\n\n\n<p><\/p>\n\n\n\n<p><\/p>\n","protected":false},"excerpt":{"rendered":"<p>IIstra\u017eiva\u010dki Problem \u010cinjenica da dijagnosti\u010dki alati, genetske predispozicije, biolo\u0161ka i relativna dob te kontraktilne karakteristike skeletnih mi\u0161i\u0107a predstavljaju kompleksan problem u prostoru razvoja sportskih talenata dovodi nas do istra\u017eiva\u010dkih pitanja projekta koje smo grupirali u 3 znanstvena tematska podru\u010dja: ZI Tema 1: (RAE&amp;KD) &#8211; Alati za relativnu i ko\u0161tanu dob&#8230;<\/p>\n","protected":false},"author":1,"featured_media":0,"parent":0,"menu_order":0,"comment_status":"closed","ping_status":"closed","template":"","meta":{"footnotes":""},"class_list":["post-78","page","type-page","status-publish","hentry"],"_links":{"self":[{"href":"https:\/\/bkrd.kifst.hr\/index.php?rest_route=\/wp\/v2\/pages\/78","targetHints":{"allow":["GET"]}}],"collection":[{"href":"https:\/\/bkrd.kifst.hr\/index.php?rest_route=\/wp\/v2\/pages"}],"about":[{"href":"https:\/\/bkrd.kifst.hr\/index.php?rest_route=\/wp\/v2\/types\/page"}],"author":[{"embeddable":true,"href":"https:\/\/bkrd.kifst.hr\/index.php?rest_route=\/wp\/v2\/users\/1"}],"replies":[{"embeddable":true,"href":"https:\/\/bkrd.kifst.hr\/index.php?rest_route=%2Fwp%2Fv2%2Fcomments&post=78"}],"version-history":[{"count":6,"href":"https:\/\/bkrd.kifst.hr\/index.php?rest_route=\/wp\/v2\/pages\/78\/revisions"}],"predecessor-version":[{"id":817,"href":"https:\/\/bkrd.kifst.hr\/index.php?rest_route=\/wp\/v2\/pages\/78\/revisions\/817"}],"wp:attachment":[{"href":"https:\/\/bkrd.kifst.hr\/index.php?rest_route=%2Fwp%2Fv2%2Fmedia&parent=78"}],"curies":[{"name":"wp","href":"https:\/\/api.w.org\/{rel}","templated":true}]}}