{"id":43,"date":"2021-03-09T07:01:29","date_gmt":"2021-03-09T07:01:29","guid":{"rendered":"https:\/\/bkrd.kifst.hr\/?page_id=43"},"modified":"2021-03-14T06:11:49","modified_gmt":"2021-03-14T06:11:49","slug":"opis-projekta","status":"publish","type":"page","link":"https:\/\/bkrd.kifst.hr\/?page_id=43","title":{"rendered":"Opis projekta"},"content":{"rendered":"\n<p><strong>Naziv projekta:<\/strong> Biolo\u0161ka, kronolo\u0161ka i relativna dob u funkciji uspostave nacionlanog sustava detekcije i razvoja sportskih talenata<\/p>\n\n\n\n<p><strong>Akronim:<\/strong> BKRD<\/p>\n\n\n\n<p><strong>Voditelj:<\/strong> Dra\u017een \u010cular<\/p>\n\n\n\n<p><strong>Suradnik\/ci:<\/strong> Zoran Grgantov (KIFST), Ana Kezi\u0107 (KIFST), Sun\u010dica Dela\u0161-Kalinski (KIFST), Igor Jelaska(KIFST), Vladimir Ivancev(KIFST), Damir Zubac(KIFST), Zoran Vali\u0107 (MEFST), Tina Ti\u010dinovi\u0107-Kurir (MEFST), Marija Pezer (Genos), Nina Bri\u0161ki (Genos), Ana Maji\u0107 (CI-SD\u017d) <\/p>\n\n\n\n<p><strong>Trajanje:<\/strong> 18.01.2021. &#8211; 17.01.2025<\/p>\n\n\n\n<p><strong>Status:<\/strong> U tijeku<\/p>\n\n\n\n<p><strong>Vrijednost:<\/strong> 848.510,00 Kn<\/p>\n\n\n\n<p><strong>Znanstveno podru\u010dje i polje:<\/strong>  Interdisciplinarni projekt: 1. Dru\u0161tvene znanosti &#8211; kineziologija; 2. Biomedicina i zdravstvo, 3. Biotehni\u010dke znanosti<\/p>\n\n\n\n<p><strong>Ustanova nositelj::<\/strong> Sveu\u010dili\u0161te u Splitu, Kineziolo\u0161ki fakultet<\/p>\n\n\n\n<p><strong>Partnerske organizacije:<\/strong> Ministartsvo  turizma i sporta (MINTS) , Medicinski Fakultet u Splitu (MEFTS) , Genos d.o.o., Centar izvrsnosti SD\u017d (CI-SD\u017d) , Grad Split, Hrvatski odbojka\u0161ki savez (HOS), Hrvatski rukometni savez (HRS), Hrvatski ko\u0161arka\u0161ki savez (HKS) , Hrvatski pliva\u010dki savez (HPS)  i Hrvatski taekwondo savez (HTS)<\/p>\n\n\n\n<p><strong>Klju\u010dne rije\u010di:<\/strong> sport, biolo\u0161ka dob, relativna dob, ko\u0161tana dob, detekcija, selekcija, talenti, sazrijevanje, starenje, DNA, glycani, vrhunac ubrzanog rasta sport,<\/p>\n\n\n\n<p><a href=\"https:\/\/bkrd.kifst.hr\/?page_id=76\" data-type=\"URL\" data-id=\"https:\/\/bkrd.kifst.hr\/?page_id=76\">>>> <strong>Sa\u017eetak<\/strong><\/a><\/p>\n","protected":false},"excerpt":{"rendered":"<p>Naziv projekta: Biolo\u0161ka, kronolo\u0161ka i relativna dob u funkciji uspostave nacionlanog sustava detekcije i razvoja sportskih talenata Akronim: BKRD Voditelj: Dra\u017een \u010cular Suradnik\/ci: Zoran Grgantov (KIFST), Ana Kezi\u0107 (KIFST), Sun\u010dica Dela\u0161-Kalinski (KIFST), Igor Jelaska(KIFST), Vladimir Ivancev(KIFST), Damir Zubac(KIFST), Zoran Vali\u0107 (MEFST), Tina Ti\u010dinovi\u0107-Kurir (MEFST), Marija Pezer (Genos), Nina Bri\u0161ki (Genos),&#8230;<\/p>\n","protected":false},"author":1,"featured_media":0,"parent":0,"menu_order":0,"comment_status":"closed","ping_status":"closed","template":"","meta":{"footnotes":""},"class_list":["post-43","page","type-page","status-publish","hentry"],"_links":{"self":[{"href":"https:\/\/bkrd.kifst.hr\/index.php?rest_route=\/wp\/v2\/pages\/43","targetHints":{"allow":["GET"]}}],"collection":[{"href":"https:\/\/bkrd.kifst.hr\/index.php?rest_route=\/wp\/v2\/pages"}],"about":[{"href":"https:\/\/bkrd.kifst.hr\/index.php?rest_route=\/wp\/v2\/types\/page"}],"author":[{"embeddable":true,"href":"https:\/\/bkrd.kifst.hr\/index.php?rest_route=\/wp\/v2\/users\/1"}],"replies":[{"embeddable":true,"href":"https:\/\/bkrd.kifst.hr\/index.php?rest_route=%2Fwp%2Fv2%2Fcomments&post=43"}],"version-history":[{"count":5,"href":"https:\/\/bkrd.kifst.hr\/index.php?rest_route=\/wp\/v2\/pages\/43\/revisions"}],"predecessor-version":[{"id":803,"href":"https:\/\/bkrd.kifst.hr\/index.php?rest_route=\/wp\/v2\/pages\/43\/revisions\/803"}],"wp:attachment":[{"href":"https:\/\/bkrd.kifst.hr\/index.php?rest_route=%2Fwp%2Fv2%2Fmedia&parent=43"}],"curies":[{"name":"wp","href":"https:\/\/api.w.org\/{rel}","templated":true}]}}